{"id":2,"date":"2017-11-09T17:41:07","date_gmt":"2017-11-09T17:41:07","guid":{"rendered":"https:\/\/seniorpc13.fr\/blog\/?page_id=2"},"modified":"2025-08-29T14:00:24","modified_gmt":"2025-08-29T14:00:24","slug":"about","status":"publish","type":"page","link":"https:\/\/seniorpc13.fr\/blog\/about\/","title":{"rendered":"A Propos"},"content":{"rendered":"\n<h1 class=\"wp-block-heading\">Suite \u00e0 mon D\u00e9m\u00e9nagement au CHESNAY je ne peux intervenir \u00e0 Puyricard qu&rsquo;\u00e0 Distance<\/h1>\n\n\n\n<p class=\"has-text-align-left\"><strong>Le blog de SeniorPC13 qui vous informe sur mes activit\u00e9s en cours lors de mes demandes d&rsquo;intervention d&rsquo;assistance informatique \u00e0 Puyricard et Aix en Provence&#8230;<\/strong><\/p>\n\n\n\n<p><a href=\"http:\/\/www.seniorpc13.fr\"><strong>Plus de d\u00e9tails sur mes offres d\u00e9taill\u00e9es en visitant mon site :&nbsp; seniorpc13.fr<\/strong><\/a><\/p>\n\n\n\n<h2 class=\"wp-block-heading\"><strong>\u00a0<\/strong><\/h2>\n","protected":false},"excerpt":{"rendered":"<p>Suite \u00e0 mon D\u00e9m\u00e9nagement au CHESNAY je ne peux intervenir \u00e0 Puyricard qu&rsquo;\u00e0 Distance Le blog de SeniorPC13 qui vous informe sur mes activit\u00e9s en cours lors de mes demandes d&rsquo;intervention d&rsquo;assistance informatique \u00e0 Puyricard et Aix en Provence&#8230; Plus de d\u00e9tails sur mes offres d\u00e9taill\u00e9es en visitant mon site :&nbsp; seniorpc13.fr \u00a0<\/p>\n","protected":false},"author":1,"featured_media":0,"parent":0,"menu_order":0,"comment_status":"open","ping_status":"closed","template":"","meta":{"footnotes":""},"class_list":["post-2","page","type-page","status-publish","hentry"],"blocksy_meta":{"styles_descriptor":{"styles":{"desktop":"","tablet":"","mobile":""},"google_fonts":[],"version":6}},"_links":{"self":[{"href":"https:\/\/seniorpc13.fr\/blog\/wp-json\/wp\/v2\/pages\/2","targetHints":{"allow":["GET"]}}],"collection":[{"href":"https:\/\/seniorpc13.fr\/blog\/wp-json\/wp\/v2\/pages"}],"about":[{"href":"https:\/\/seniorpc13.fr\/blog\/wp-json\/wp\/v2\/types\/page"}],"author":[{"embeddable":true,"href":"https:\/\/seniorpc13.fr\/blog\/wp-json\/wp\/v2\/users\/1"}],"replies":[{"embeddable":true,"href":"https:\/\/seniorpc13.fr\/blog\/wp-json\/wp\/v2\/comments?post=2"}],"version-history":[{"count":0,"href":"https:\/\/seniorpc13.fr\/blog\/wp-json\/wp\/v2\/pages\/2\/revisions"}],"wp:attachment":[{"href":"https:\/\/seniorpc13.fr\/blog\/wp-json\/wp\/v2\/media?parent=2"}],"curies":[{"name":"wp","href":"https:\/\/api.w.org\/{rel}","templated":true}]}}